{"id":16067,"date":"2024-01-10T14:30:06","date_gmt":"2024-01-10T13:30:06","guid":{"rendered":"https:\/\/vyvoj2.webgradecloud.cz\/?page_id=16067"},"modified":"2025-07-24T09:33:25","modified_gmt":"2025-07-24T07:33:25","slug":"cenik-sluzeb","status":"publish","type":"page","link":"https:\/\/horskelouky.cz\/index.php\/cenik-sluzeb\/","title":{"rendered":"Cen\u00edk slu\u017eeb"},"content":{"rendered":"\t\t<div data-elementor-type=\"wp-page\" data-elementor-id=\"16067\" class=\"elementor elementor-16067\" data-elementor-post-type=\"page\">\n\t\t\t\t<div class=\"elementor-element elementor-element-5d47e31 e-flex e-con-boxed e-con e-parent\" data-id=\"5d47e31\" data-element_type=\"container\" data-settings=\"{&quot;content_width&quot;:&quot;boxed&quot;}\" data-core-v316-plus=\"true\">\n\t\t\t\t\t<div class=\"e-con-inner\">\n\t\t<div class=\"elementor-element elementor-element-281a83c e-flex e-con-boxed e-con e-child\" data-id=\"281a83c\" data-element_type=\"container\" data-settings=\"{&quot;content_width&quot;:&quot;boxed&quot;}\">\n\t\t\t\t\t<div class=\"e-con-inner\">\n\t\t\t\t<div class=\"elementor-element elementor-element-03b3249 elementor-widget elementor-widget-text-editor\" data-id=\"03b3249\" data-element_type=\"widget\" data-widget_type=\"text-editor.default\">\n\t\t\t\t<div class=\"elementor-widget-container\">\n\t\t\t<style>\/*! elementor - v3.19.0 - 29-01-2024 *\/\n.elementor-widget-text-editor.elementor-drop-cap-view-stacked .elementor-drop-cap{background-color:#69727d;color:#fff}.elementor-widget-text-editor.elementor-drop-cap-view-framed .elementor-drop-cap{color:#69727d;border:3px solid;background-color:transparent}.elementor-widget-text-editor:not(.elementor-drop-cap-view-default) .elementor-drop-cap{margin-top:8px}.elementor-widget-text-editor:not(.elementor-drop-cap-view-default) .elementor-drop-cap-letter{width:1em;height:1em}.elementor-widget-text-editor .elementor-drop-cap{float:left;text-align:center;line-height:1;font-size:50px}.elementor-widget-text-editor .elementor-drop-cap-letter{display:inline-block}<\/style>\t\t\t\t<p>Zavolejte n\u00e1m nebo napi\u0161te a r\u00e1di V\u00e1m zhotov\u00edme individu\u00e1ln\u00ed nab\u00eddku<\/p>\t\t\t\t\t\t<\/div>\n\t\t\t\t<\/div>\n\t\t\t\t\t<\/div>\n\t\t\t\t<\/div>\n\t\t\t\t<div class=\"elementor-element elementor-element-f889742 elementor-widget elementor-widget-heading\" data-id=\"f889742\" data-element_type=\"widget\" data-widget_type=\"heading.default\">\n\t\t\t\t<div class=\"elementor-widget-container\">\n\t\t\t<style>\/*! elementor - v3.19.0 - 29-01-2024 *\/\n.elementor-heading-title{padding:0;margin:0;line-height:1}.elementor-widget-heading .elementor-heading-title[class*=elementor-size-]>a{color:inherit;font-size:inherit;line-height:inherit}.elementor-widget-heading .elementor-heading-title.elementor-size-small{font-size:15px}.elementor-widget-heading .elementor-heading-title.elementor-size-medium{font-size:19px}.elementor-widget-heading .elementor-heading-title.elementor-size-large{font-size:29px}.elementor-widget-heading .elementor-heading-title.elementor-size-xl{font-size:39px}.elementor-widget-heading .elementor-heading-title.elementor-size-xxl{font-size:59px}<\/style><h2 class=\"elementor-heading-title elementor-size-default\">ORIENTA\u010cN\u00cd CEN\u00cdK SLU\u017dEB\u00a0\u00a0\u00a0\u00a0\u00a0\u00a0\u00a0 <\/h2>\t\t<\/div>\n\t\t\t\t<\/div>\n\t\t\t\t<div class=\"elementor-element elementor-element-7fd6750 elementor-widget elementor-widget-heading\" data-id=\"7fd6750\" data-element_type=\"widget\" data-widget_type=\"heading.default\">\n\t\t\t\t<div class=\"elementor-widget-container\">\n\t\t\t<h3 class=\"elementor-heading-title elementor-size-default\">\u00daDR\u017dBA SVA\u017dIT\u00ddCH HORSK\u00ddCH LUK A PASTVIN<\/h3>\t\t<\/div>\n\t\t\t\t<\/div>\n\t\t\t\t<div class=\"elementor-element elementor-element-51ee570 elementor-widget elementor-widget-text-editor\" data-id=\"51ee570\" data-element_type=\"widget\" data-widget_type=\"text-editor.default\">\n\t\t\t\t<div class=\"elementor-widget-container\">\n\t\t\t\t\t\t\t<table width=\"650\">\n<tbody>\n<tr>\n<td width=\"417\"><b>Popis slu\u017eby<\/b><\/td>\n<td width=\"89\"><b>MJ<\/b><\/td>\n<td width=\"144\"><b>Cena<\/b><\/td>\n<\/tr>\n<tr>\n<td width=\"417\">Mul\u010dov\u00e1n\u00ed traktorem<\/td>\n<td width=\"89\">hodina<\/td>\n<td width=\"144\">od 1 800 K\u010d<\/td>\n<\/tr>\n<tr>\n<td width=\"417\">Mul\u010dov\u00e1n\u00ed traktorem<\/td>\n<td width=\"89\">m<sup>2<\/sup><\/td>\n<td width=\"144\">od 1,50 K\u010d<\/td>\n<\/tr>\n<tr>\n<td width=\"417\">Sek\u00e1n\u00ed, obracen\u00ed, nahrabov\u00e1n\u00ed traktorem<\/td>\n<td width=\"89\">hodina<\/td>\n<td width=\"144\">1 100 K\u010d<\/td>\n<\/tr>\n<tr>\n<td width=\"417\">Sek\u00e1n\u00ed, obracen\u00ed, nahrabov\u00e1n\u00ed traktorem<\/td>\n<td width=\"89\">m<sup>2<\/sup><\/td>\n<td width=\"144\">1,20 K\u010d<\/td>\n<\/tr>\n<tr>\n<td width=\"417\">Sek\u00e1n\u00ed k\u0159ovino\u0159ezem, motorovou kosou<\/td>\n<td width=\"89\">hodina<\/td>\n<td width=\"144\">400 K\u010d<\/td>\n<\/tr>\n<tr>\n<td width=\"417\">Sek\u00e1n\u00ed k\u0159ovino\u0159ezem, motorovou kosou<\/td>\n<td width=\"89\">m<sup>2<\/sup><\/td>\n<td width=\"144\">5 K\u010d<\/td>\n<\/tr>\n<tr>\n<td width=\"417\">Pr\u00e1ce s plotost\u0159ihem, v\u00fd\u0159ez d\u0159evin<\/td>\n<td width=\"89\">hodina<\/td>\n<td width=\"144\">400 K\u010d<\/td>\n<\/tr>\n<\/tbody>\n<\/table>\t\t\t\t\t\t<\/div>\n\t\t\t\t<\/div>\n\t\t\t\t<div class=\"elementor-element elementor-element-f4d2e26 elementor-widget elementor-widget-heading\" data-id=\"f4d2e26\" data-element_type=\"widget\" data-widget_type=\"heading.default\">\n\t\t\t\t<div class=\"elementor-widget-container\">\n\t\t\t<h3 class=\"elementor-heading-title elementor-size-default\">LESNICK\u00c9 PR\u00c1CE<\/h3>\t\t<\/div>\n\t\t\t\t<\/div>\n\t\t\t\t<div class=\"elementor-element elementor-element-a8a096b elementor-widget elementor-widget-text-editor\" data-id=\"a8a096b\" data-element_type=\"widget\" data-widget_type=\"text-editor.default\">\n\t\t\t\t<div class=\"elementor-widget-container\">\n\t\t\t\t\t\t\t<table width=\"650\"><tbody><tr><td width=\"417\"><b>Popis slu\u017eby<\/b><\/td><td width=\"89\"><b>MJ<\/b><\/td><td width=\"144\"><b>Cena<\/b><\/td><\/tr><tr><td width=\"417\">Pr\u00e1ce s motorovou pilou<\/td><td width=\"89\">hodina<\/td><td width=\"144\">450 K\u010d<\/td><\/tr><tr><td width=\"417\">Traktor se \u0161t\u011bpkova\u010dem, navij\u00e1kem<\/td><td width=\"89\">hodina<\/td><td width=\"144\">1 100 K\u010d<\/td><\/tr><tr><td width=\"417\">Rizikov\u00e9 k\u00e1cen\u00ed, v\u00fd\u0161kov\u00e9 pr\u00e1ce<\/td><td width=\"89\">dle<\/td><td width=\"144\">nab\u00eddky<\/td><\/tr><\/tbody><\/table>\t\t\t\t\t\t<\/div>\n\t\t\t\t<\/div>\n\t\t\t\t<div class=\"elementor-element elementor-element-f52ecad elementor-widget elementor-widget-heading\" data-id=\"f52ecad\" data-element_type=\"widget\" data-widget_type=\"heading.default\">\n\t\t\t\t<div class=\"elementor-widget-container\">\n\t\t\t<h3 class=\"elementor-heading-title elementor-size-default\">P\u0158EJEZDY TECHNIKY<\/h3>\t\t<\/div>\n\t\t\t\t<\/div>\n\t\t\t\t<div class=\"elementor-element elementor-element-e08e581 elementor-widget elementor-widget-text-editor\" data-id=\"e08e581\" data-element_type=\"widget\" data-widget_type=\"text-editor.default\">\n\t\t\t\t<div class=\"elementor-widget-container\">\n\t\t\t\t\t\t\t<table width=\"650\"><tbody><tr><td width=\"417\"><b>Popis slu\u017eby<\/b><\/td><td width=\"89\"><b>MJ<\/b><\/td><td width=\"144\"><b>Cena<\/b><\/td><\/tr><tr><td width=\"417\">Osobn\u00ed vozidlo<\/td><td width=\"89\">km<\/td><td width=\"144\">10 K\u010d<\/td><\/tr><tr><td width=\"417\">Vozidlo s n\u00e1kladn\u00edm p\u0159\u00edv\u011bsem<\/td><td width=\"89\">km<\/td><td width=\"144\">18 K\u010d<\/td><\/tr><tr><td width=\"417\">Traktor<\/td><td width=\"89\">km<\/td><td width=\"144\">25 K\u010d<\/td><\/tr><tr><td width=\"417\">P\u0159eprava techniky<\/td><td width=\"89\">km<\/td><td width=\"144\">35 K\u010d<\/td><\/tr><\/tbody><\/table>\t\t\t\t\t\t<\/div>\n\t\t\t\t<\/div>\n\t\t\t\t<div class=\"elementor-element elementor-element-dd632e2 elementor-widget elementor-widget-heading\" data-id=\"dd632e2\" data-element_type=\"widget\" data-widget_type=\"heading.default\">\n\t\t\t\t<div class=\"elementor-widget-container\">\n\t\t\t<h3 class=\"elementor-heading-title elementor-size-default\">PR\u00c1CE BEZ TECHNIKY<\/h3>\t\t<\/div>\n\t\t\t\t<\/div>\n\t\t\t\t<div class=\"elementor-element elementor-element-b6aa8c8 elementor-widget elementor-widget-text-editor\" data-id=\"b6aa8c8\" data-element_type=\"widget\" data-widget_type=\"text-editor.default\">\n\t\t\t\t<div class=\"elementor-widget-container\">\n\t\t\t\t\t\t\t<table width=\"650\"><tbody><tr><td width=\"417\"><b>Popis slu\u017eby<\/b><\/td><td width=\"89\"><b>MJ<\/b><\/td><td width=\"144\"><b>Cena<\/b><\/td><\/tr><tr><td width=\"417\">Odborn\u00e9 pr\u00e1ce dle dohody<\/td><td width=\"89\">hodina<\/td><td width=\"144\">350 K\u010d<\/td><\/tr><tr><td width=\"417\">Pomocn\u00e9 pr\u00e1ce dle dohody<\/td><td width=\"89\">hodina<\/td><td width=\"144\">300 K\u010d<\/td><\/tr><\/tbody><\/table>\t\t\t\t\t\t<\/div>\n\t\t\t\t<\/div>\n\t\t\t\t\t<\/div>\n\t\t\t\t<\/div>\n\t\t\t\t<\/div>\n\t\t","protected":false},"excerpt":{"rendered":"<p>Zavolejte n\u00e1m nebo napi\u0161te a r\u00e1di V\u00e1m zhotov\u00edme individu\u00e1ln\u00ed nab\u00eddku ORIENTA\u010cN\u00cd CEN\u00cdK SLU\u017dEB\u00a0\u00a0\u00a0\u00a0\u00a0\u00a0\u00a0 \u00daDR\u017dBA SVA\u017dIT\u00ddCH HORSK\u00ddCH LUK A PASTVIN Popis slu\u017eby MJ Cena Mul\u010dov\u00e1n\u00ed traktorem hodina od 1 800 K\u010d Mul\u010dov\u00e1n\u00ed traktorem m2 od 1,50 K\u010d Sek\u00e1n\u00ed, obracen\u00ed, nahrabov\u00e1n\u00ed traktorem hodina 1 100 K\u010d Sek\u00e1n\u00ed, obracen\u00ed, nahrabov\u00e1n\u00ed traktorem m2 1,20 K\u010d Sek\u00e1n\u00ed k\u0159ovino\u0159ezem, motorovou kosou [&hellip;]<\/p>\n","protected":false},"author":1,"featured_media":16271,"parent":0,"menu_order":0,"comment_status":"closed","ping_status":"closed","template":"","meta":{"footnotes":""},"yoast_head":"<!-- This site is optimized with the Yoast SEO plugin v21.9.1 - https:\/\/yoast.com\/wordpress\/plugins\/seo\/ -->\n<title>Cen\u00edk slu\u017eeb - Horsk\u00e9 louky<\/title>\n<meta name=\"robots\" content=\"index, follow, max-snippet:-1, max-image-preview:large, max-video-preview:-1\" \/>\n<link rel=\"canonical\" href=\"https:\/\/horskelouky.cz\/index.php\/cenik-sluzeb\/\" \/>\n<meta property=\"og:locale\" content=\"cs_CZ\" \/>\n<meta property=\"og:type\" content=\"article\" \/>\n<meta property=\"og:title\" content=\"Cen\u00edk slu\u017eeb - Horsk\u00e9 louky\" \/>\n<meta property=\"og:description\" content=\"Zavolejte n\u00e1m nebo napi\u0161te a r\u00e1di V\u00e1m zhotov\u00edme individu\u00e1ln\u00ed nab\u00eddku ORIENTA\u010cN\u00cd CEN\u00cdK SLU\u017dEB\u00a0\u00a0\u00a0\u00a0\u00a0\u00a0\u00a0 \u00daDR\u017dBA SVA\u017dIT\u00ddCH HORSK\u00ddCH LUK A PASTVIN Popis slu\u017eby MJ Cena Mul\u010dov\u00e1n\u00ed traktorem hodina od 1 800 K\u010d Mul\u010dov\u00e1n\u00ed traktorem m2 od 1,50 K\u010d Sek\u00e1n\u00ed, obracen\u00ed, nahrabov\u00e1n\u00ed traktorem hodina 1 100 K\u010d Sek\u00e1n\u00ed, obracen\u00ed, nahrabov\u00e1n\u00ed traktorem m2 1,20 K\u010d Sek\u00e1n\u00ed k\u0159ovino\u0159ezem, motorovou kosou [&hellip;]\" \/>\n<meta property=\"og:url\" content=\"https:\/\/horskelouky.cz\/index.php\/cenik-sluzeb\/\" \/>\n<meta property=\"og:site_name\" content=\"Horsk\u00e9 louky\" \/>\n<meta property=\"article:modified_time\" content=\"2025-07-24T07:33:25+00:00\" \/>\n<meta property=\"og:image\" content=\"https:\/\/horskelouky.cz\/wp-content\/uploads\/2024\/01\/summer-mountain-meadow-1-1.jpg\" \/>\n\t<meta property=\"og:image:width\" content=\"2000\" \/>\n\t<meta property=\"og:image:height\" content=\"1333\" \/>\n\t<meta property=\"og:image:type\" content=\"image\/jpeg\" \/>\n<meta name=\"twitter:card\" content=\"summary_large_image\" \/>\n<meta name=\"twitter:label1\" content=\"Odhadovan\u00e1 doba \u010dten\u00ed\" \/>\n\t<meta name=\"twitter:data1\" content=\"1 minuta\" \/>\n<script type=\"application\/ld+json\" class=\"yoast-schema-graph\">{\"@context\":\"https:\/\/schema.org\",\"@graph\":[{\"@type\":\"WebPage\",\"@id\":\"https:\/\/horskelouky.cz\/index.php\/cenik-sluzeb\/\",\"url\":\"https:\/\/horskelouky.cz\/index.php\/cenik-sluzeb\/\",\"name\":\"Cen\u00edk slu\u017eeb - Horsk\u00e9 louky\",\"isPartOf\":{\"@id\":\"https:\/\/horskelouky.cz\/#website\"},\"datePublished\":\"2024-01-10T13:30:06+00:00\",\"dateModified\":\"2025-07-24T07:33:25+00:00\",\"breadcrumb\":{\"@id\":\"https:\/\/horskelouky.cz\/index.php\/cenik-sluzeb\/#breadcrumb\"},\"inLanguage\":\"cs\",\"potentialAction\":[{\"@type\":\"ReadAction\",\"target\":[\"https:\/\/horskelouky.cz\/index.php\/cenik-sluzeb\/\"]}]},{\"@type\":\"BreadcrumbList\",\"@id\":\"https:\/\/horskelouky.cz\/index.php\/cenik-sluzeb\/#breadcrumb\",\"itemListElement\":[{\"@type\":\"ListItem\",\"position\":1,\"name\":\"Dom\u016f\",\"item\":\"https:\/\/horskelouky.cz\/\"},{\"@type\":\"ListItem\",\"position\":2,\"name\":\"Cen\u00edk slu\u017eeb\"}]},{\"@type\":\"WebSite\",\"@id\":\"https:\/\/horskelouky.cz\/#website\",\"url\":\"https:\/\/horskelouky.cz\/\",\"name\":\"Horsk\u00e9 louky\",\"description\":\"\",\"publisher\":{\"@id\":\"https:\/\/horskelouky.cz\/#organization\"},\"potentialAction\":[{\"@type\":\"SearchAction\",\"target\":{\"@type\":\"EntryPoint\",\"urlTemplate\":\"https:\/\/horskelouky.cz\/?s={search_term_string}\"},\"query-input\":\"required name=search_term_string\"}],\"inLanguage\":\"cs\"},{\"@type\":\"Organization\",\"@id\":\"https:\/\/horskelouky.cz\/#organization\",\"name\":\"Tom\u00e1\u0161 Kresta\",\"url\":\"https:\/\/horskelouky.cz\/\",\"logo\":{\"@type\":\"ImageObject\",\"inLanguage\":\"cs\",\"@id\":\"https:\/\/horskelouky.cz\/#\/schema\/logo\/image\/\",\"url\":\"https:\/\/horskelouky.cz\/wp-content\/uploads\/2023\/12\/logo-1.png\",\"contentUrl\":\"https:\/\/horskelouky.cz\/wp-content\/uploads\/2023\/12\/logo-1.png\",\"width\":500,\"height\":156,\"caption\":\"Tom\u00e1\u0161 Kresta\"},\"image\":{\"@id\":\"https:\/\/horskelouky.cz\/#\/schema\/logo\/image\/\"}}]}<\/script>\n<!-- \/ Yoast SEO plugin. -->","yoast_head_json":{"title":"Cen\u00edk slu\u017eeb - Horsk\u00e9 louky","robots":{"index":"index","follow":"follow","max-snippet":"max-snippet:-1","max-image-preview":"max-image-preview:large","max-video-preview":"max-video-preview:-1"},"canonical":"https:\/\/horskelouky.cz\/index.php\/cenik-sluzeb\/","og_locale":"cs_CZ","og_type":"article","og_title":"Cen\u00edk slu\u017eeb - Horsk\u00e9 louky","og_description":"Zavolejte n\u00e1m nebo napi\u0161te a r\u00e1di V\u00e1m zhotov\u00edme individu\u00e1ln\u00ed nab\u00eddku ORIENTA\u010cN\u00cd CEN\u00cdK SLU\u017dEB\u00a0\u00a0\u00a0\u00a0\u00a0\u00a0\u00a0 \u00daDR\u017dBA SVA\u017dIT\u00ddCH HORSK\u00ddCH LUK A PASTVIN Popis slu\u017eby MJ Cena Mul\u010dov\u00e1n\u00ed traktorem hodina od 1 800 K\u010d Mul\u010dov\u00e1n\u00ed traktorem m2 od 1,50 K\u010d Sek\u00e1n\u00ed, obracen\u00ed, nahrabov\u00e1n\u00ed traktorem hodina 1 100 K\u010d Sek\u00e1n\u00ed, obracen\u00ed, nahrabov\u00e1n\u00ed traktorem m2 1,20 K\u010d Sek\u00e1n\u00ed k\u0159ovino\u0159ezem, motorovou kosou [&hellip;]","og_url":"https:\/\/horskelouky.cz\/index.php\/cenik-sluzeb\/","og_site_name":"Horsk\u00e9 louky","article_modified_time":"2025-07-24T07:33:25+00:00","og_image":[{"width":2000,"height":1333,"url":"https:\/\/horskelouky.cz\/wp-content\/uploads\/2024\/01\/summer-mountain-meadow-1-1.jpg","type":"image\/jpeg"}],"twitter_card":"summary_large_image","twitter_misc":{"Odhadovan\u00e1 doba \u010dten\u00ed":"1 minuta"},"schema":{"@context":"https:\/\/schema.org","@graph":[{"@type":"WebPage","@id":"https:\/\/horskelouky.cz\/index.php\/cenik-sluzeb\/","url":"https:\/\/horskelouky.cz\/index.php\/cenik-sluzeb\/","name":"Cen\u00edk slu\u017eeb - Horsk\u00e9 louky","isPartOf":{"@id":"https:\/\/horskelouky.cz\/#website"},"datePublished":"2024-01-10T13:30:06+00:00","dateModified":"2025-07-24T07:33:25+00:00","breadcrumb":{"@id":"https:\/\/horskelouky.cz\/index.php\/cenik-sluzeb\/#breadcrumb"},"inLanguage":"cs","potentialAction":[{"@type":"ReadAction","target":["https:\/\/horskelouky.cz\/index.php\/cenik-sluzeb\/"]}]},{"@type":"BreadcrumbList","@id":"https:\/\/horskelouky.cz\/index.php\/cenik-sluzeb\/#breadcrumb","itemListElement":[{"@type":"ListItem","position":1,"name":"Dom\u016f","item":"https:\/\/horskelouky.cz\/"},{"@type":"ListItem","position":2,"name":"Cen\u00edk slu\u017eeb"}]},{"@type":"WebSite","@id":"https:\/\/horskelouky.cz\/#website","url":"https:\/\/horskelouky.cz\/","name":"Horsk\u00e9 louky","description":"","publisher":{"@id":"https:\/\/horskelouky.cz\/#organization"},"potentialAction":[{"@type":"SearchAction","target":{"@type":"EntryPoint","urlTemplate":"https:\/\/horskelouky.cz\/?s={search_term_string}"},"query-input":"required name=search_term_string"}],"inLanguage":"cs"},{"@type":"Organization","@id":"https:\/\/horskelouky.cz\/#organization","name":"Tom\u00e1\u0161 Kresta","url":"https:\/\/horskelouky.cz\/","logo":{"@type":"ImageObject","inLanguage":"cs","@id":"https:\/\/horskelouky.cz\/#\/schema\/logo\/image\/","url":"https:\/\/horskelouky.cz\/wp-content\/uploads\/2023\/12\/logo-1.png","contentUrl":"https:\/\/horskelouky.cz\/wp-content\/uploads\/2023\/12\/logo-1.png","width":500,"height":156,"caption":"Tom\u00e1\u0161 Kresta"},"image":{"@id":"https:\/\/horskelouky.cz\/#\/schema\/logo\/image\/"}}]}},"_links":{"self":[{"href":"https:\/\/horskelouky.cz\/index.php\/wp-json\/wp\/v2\/pages\/16067"}],"collection":[{"href":"https:\/\/horskelouky.cz\/index.php\/wp-json\/wp\/v2\/pages"}],"about":[{"href":"https:\/\/horskelouky.cz\/index.php\/wp-json\/wp\/v2\/types\/page"}],"author":[{"embeddable":true,"href":"https:\/\/horskelouky.cz\/index.php\/wp-json\/wp\/v2\/users\/1"}],"replies":[{"embeddable":true,"href":"https:\/\/horskelouky.cz\/index.php\/wp-json\/wp\/v2\/comments?post=16067"}],"version-history":[{"count":3,"href":"https:\/\/horskelouky.cz\/index.php\/wp-json\/wp\/v2\/pages\/16067\/revisions"}],"predecessor-version":[{"id":16669,"href":"https:\/\/horskelouky.cz\/index.php\/wp-json\/wp\/v2\/pages\/16067\/revisions\/16669"}],"wp:featuredmedia":[{"embeddable":true,"href":"https:\/\/horskelouky.cz\/index.php\/wp-json\/wp\/v2\/media\/16271"}],"wp:attachment":[{"href":"https:\/\/horskelouky.cz\/index.php\/wp-json\/wp\/v2\/media?parent=16067"}],"curies":[{"name":"wp","href":"https:\/\/api.w.org\/{rel}","templated":true}]}}