{"id":14015,"date":"2023-12-06T14:16:43","date_gmt":"2023-12-06T13:16:43","guid":{"rendered":"http:\/\/vyvoj2.webgradecloud.cz\/?page_id=14015"},"modified":"2024-01-24T13:14:39","modified_gmt":"2024-01-24T12:14:39","slug":"home-stavby","status":"publish","type":"page","link":"https:\/\/horskelouky.cz\/","title":{"rendered":"Home"},"content":{"rendered":"\t\t<div data-elementor-type=\"wp-page\" data-elementor-id=\"14015\" class=\"elementor elementor-14015\" data-elementor-post-type=\"page\">\n\t\t\t\t<div class=\"elementor-element elementor-element-36f1ca34 elementor-hidden-tablet elementor-hidden-mobile e-flex e-con-boxed e-con e-parent\" data-id=\"36f1ca34\" data-element_type=\"container\" data-settings=\"{&quot;background_background&quot;:&quot;classic&quot;,&quot;content_width&quot;:&quot;boxed&quot;}\" data-core-v316-plus=\"true\">\n\t\t\t\t\t<div class=\"e-con-inner\">\n\t\t<div class=\"elementor-element elementor-element-1ad5e395 e-con-full e-flex e-con e-child\" data-id=\"1ad5e395\" data-element_type=\"container\" data-settings=\"{&quot;content_width&quot;:&quot;full&quot;}\">\n\t\t\t\t<div class=\"elementor-element elementor-element-5decda6b animated-slow elementor-invisible elementor-widget elementor-widget-heading\" data-id=\"5decda6b\" data-element_type=\"widget\" data-settings=\"{&quot;_animation&quot;:&quot;fadeIn&quot;,&quot;_animation_delay&quot;:300}\" data-widget_type=\"heading.default\">\n\t\t\t\t<div class=\"elementor-widget-container\">\n\t\t\t<style>\/*! elementor - v3.19.0 - 29-01-2024 *\/\n.elementor-heading-title{padding:0;margin:0;line-height:1}.elementor-widget-heading .elementor-heading-title[class*=elementor-size-]>a{color:inherit;font-size:inherit;line-height:inherit}.elementor-widget-heading .elementor-heading-title.elementor-size-small{font-size:15px}.elementor-widget-heading .elementor-heading-title.elementor-size-medium{font-size:19px}.elementor-widget-heading .elementor-heading-title.elementor-size-large{font-size:29px}.elementor-widget-heading .elementor-heading-title.elementor-size-xl{font-size:39px}.elementor-widget-heading .elementor-heading-title.elementor-size-xxl{font-size:59px}<\/style><h1 class=\"elementor-heading-title elementor-size-default\">p\u00e9\u010de <br>o horsk\u00e9 <br>louky<br> a pastviny <\/h1>\t\t<\/div>\n\t\t\t\t<\/div>\n\t\t<div class=\"elementor-element elementor-element-6cfc74a1 e-flex e-con-boxed e-con e-child\" data-id=\"6cfc74a1\" data-element_type=\"container\" data-settings=\"{&quot;content_width&quot;:&quot;boxed&quot;}\">\n\t\t\t\t\t<div class=\"e-con-inner\">\n\t\t\t\t<div class=\"elementor-element elementor-element-3506d1ae animated-slow elementor-invisible elementor-widget elementor-widget-button\" data-id=\"3506d1ae\" data-element_type=\"widget\" data-settings=\"{&quot;_animation&quot;:&quot;fadeIn&quot;,&quot;_animation_delay&quot;:700}\" data-widget_type=\"button.default\">\n\t\t\t\t<div class=\"elementor-widget-container\">\n\t\t\t\t\t<div class=\"elementor-button-wrapper\">\n\t\t\t<a class=\"elementor-button elementor-button-link elementor-size-sm elementor-animation-grow\" href=\"https:\/\/horskelouky.cz\/index.php\/cenik-sluzeb\/\">\n\t\t\t\t\t\t<span class=\"elementor-button-content-wrapper\">\n\t\t\t\t\t\t<span class=\"elementor-button-icon elementor-align-icon-left\">\n\t\t\t\t<svg aria-hidden=\"true\" class=\"e-font-icon-svg e-fas-arrow-circle-right\" viewBox=\"0 0 512 512\" xmlns=\"http:\/\/www.w3.org\/2000\/svg\"><path d=\"M256 8c137 0 248 111 248 248S393 504 256 504 8 393 8 256 119 8 256 8zm-28.9 143.6l75.5 72.4H120c-13.3 0-24 10.7-24 24v16c0 13.3 10.7 24 24 24h182.6l-75.5 72.4c-9.7 9.3-9.9 24.8-.4 34.3l11 10.9c9.4 9.4 24.6 9.4 33.9 0L404.3 273c9.4-9.4 9.4-24.6 0-33.9L271.6 106.3c-9.4-9.4-24.6-9.4-33.9 0l-11 10.9c-9.5 9.6-9.3 25.1.4 34.4z\"><\/path><\/svg>\t\t\t<\/span>\n\t\t\t\t\t\t<span class=\"elementor-button-text\">Cen\u00edk slu\u017eeb<\/span>\n\t\t<\/span>\n\t\t\t\t\t<\/a>\n\t\t<\/div>\n\t\t\t\t<\/div>\n\t\t\t\t<\/div>\n\t\t\t\t\t<\/div>\n\t\t\t\t<\/div>\n\t\t\t\t<\/div>\n\t\t\t\t\t<\/div>\n\t\t\t\t<\/div>\n\t\t<div class=\"elementor-element elementor-element-3cf6e52 elementor-hidden-desktop e-flex e-con-boxed e-con e-parent\" data-id=\"3cf6e52\" data-element_type=\"container\" data-settings=\"{&quot;background_background&quot;:&quot;classic&quot;,&quot;content_width&quot;:&quot;boxed&quot;}\" data-core-v316-plus=\"true\">\n\t\t\t\t\t<div class=\"e-con-inner\">\n\t\t<div class=\"elementor-element elementor-element-3b8b068 e-con-full e-flex e-con e-child\" data-id=\"3b8b068\" data-element_type=\"container\" data-settings=\"{&quot;content_width&quot;:&quot;full&quot;}\">\n\t\t\t\t<div class=\"elementor-element elementor-element-c7339d8 animated-slow elementor-invisible elementor-widget elementor-widget-heading\" data-id=\"c7339d8\" data-element_type=\"widget\" data-settings=\"{&quot;_animation&quot;:&quot;fadeIn&quot;,&quot;_animation_delay&quot;:300}\" data-widget_type=\"heading.default\">\n\t\t\t\t<div class=\"elementor-widget-container\">\n\t\t\t<h2 class=\"elementor-heading-title elementor-size-default\">p\u00e9\u010de <br>o horsk\u00e9 <br>louky<br> a pastviny <\/h2>\t\t<\/div>\n\t\t\t\t<\/div>\n\t\t<div class=\"elementor-element elementor-element-41ed2f7 e-flex e-con-boxed e-con e-child\" data-id=\"41ed2f7\" data-element_type=\"container\" data-settings=\"{&quot;content_width&quot;:&quot;boxed&quot;}\">\n\t\t\t\t\t<div class=\"e-con-inner\">\n\t\t\t\t<div class=\"elementor-element elementor-element-b43475f animated-slow elementor-invisible elementor-widget elementor-widget-button\" data-id=\"b43475f\" data-element_type=\"widget\" data-settings=\"{&quot;_animation&quot;:&quot;fadeIn&quot;,&quot;_animation_delay&quot;:700}\" data-widget_type=\"button.default\">\n\t\t\t\t<div class=\"elementor-widget-container\">\n\t\t\t\t\t<div class=\"elementor-button-wrapper\">\n\t\t\t<a class=\"elementor-button elementor-button-link elementor-size-sm elementor-animation-grow\" href=\"https:\/\/horskelouky.cz\/index.php\/cenik-sluzeb\/\">\n\t\t\t\t\t\t<span class=\"elementor-button-content-wrapper\">\n\t\t\t\t\t\t<span class=\"elementor-button-icon elementor-align-icon-left\">\n\t\t\t\t<svg aria-hidden=\"true\" class=\"e-font-icon-svg e-fas-arrow-circle-right\" viewBox=\"0 0 512 512\" xmlns=\"http:\/\/www.w3.org\/2000\/svg\"><path d=\"M256 8c137 0 248 111 248 248S393 504 256 504 8 393 8 256 119 8 256 8zm-28.9 143.6l75.5 72.4H120c-13.3 0-24 10.7-24 24v16c0 13.3 10.7 24 24 24h182.6l-75.5 72.4c-9.7 9.3-9.9 24.8-.4 34.3l11 10.9c9.4 9.4 24.6 9.4 33.9 0L404.3 273c9.4-9.4 9.4-24.6 0-33.9L271.6 106.3c-9.4-9.4-24.6-9.4-33.9 0l-11 10.9c-9.5 9.6-9.3 25.1.4 34.4z\"><\/path><\/svg>\t\t\t<\/span>\n\t\t\t\t\t\t<span class=\"elementor-button-text\">Cen\u00edk slu\u017eeb<\/span>\n\t\t<\/span>\n\t\t\t\t\t<\/a>\n\t\t<\/div>\n\t\t\t\t<\/div>\n\t\t\t\t<\/div>\n\t\t\t\t\t<\/div>\n\t\t\t\t<\/div>\n\t\t\t\t<\/div>\n\t\t\t\t\t<\/div>\n\t\t\t\t<\/div>\n\t\t<div class=\"elementor-element elementor-element-6fe5b48 e-con-full e-flex e-con e-parent\" data-id=\"6fe5b48\" data-element_type=\"container\" data-settings=\"{&quot;content_width&quot;:&quot;full&quot;,&quot;background_background&quot;:&quot;classic&quot;}\" data-core-v316-plus=\"true\">\n\t\t<div class=\"elementor-element elementor-element-23309a0d e-flex e-con-boxed e-con e-child\" data-id=\"23309a0d\" data-element_type=\"container\" data-settings=\"{&quot;content_width&quot;:&quot;boxed&quot;}\">\n\t\t\t\t\t<div class=\"e-con-inner\">\n\t\t<div class=\"elementor-element elementor-element-7cc021c1 e-con-full e-flex e-con e-child\" data-id=\"7cc021c1\" data-element_type=\"container\" data-settings=\"{&quot;content_width&quot;:&quot;full&quot;}\">\n\t\t\t\t<div class=\"elementor-element elementor-element-697d38db animated-slow elementor-widget-mobile__width-inherit elementor-invisible elementor-widget elementor-widget-heading\" data-id=\"697d38db\" data-element_type=\"widget\" data-settings=\"{&quot;_animation&quot;:&quot;fadeIn&quot;,&quot;_animation_delay&quot;:300}\" data-widget_type=\"heading.default\">\n\t\t\t\t<div class=\"elementor-widget-container\">\n\t\t\t<h2 class=\"elementor-heading-title elementor-size-default\">Mul\u010dov\u00e1n\u00ed Krkono\u0161e<\/h2>\t\t<\/div>\n\t\t\t\t<\/div>\n\t\t\t\t<div class=\"elementor-element elementor-element-6a1ec06b animated-slow elementor-invisible elementor-widget elementor-widget-text-editor\" data-id=\"6a1ec06b\" data-element_type=\"widget\" data-settings=\"{&quot;_animation&quot;:&quot;fadeIn&quot;,&quot;_animation_delay&quot;:600}\" data-widget_type=\"text-editor.default\">\n\t\t\t\t<div class=\"elementor-widget-container\">\n\t\t\t<style>\/*! elementor - v3.19.0 - 29-01-2024 *\/\n.elementor-widget-text-editor.elementor-drop-cap-view-stacked .elementor-drop-cap{background-color:#69727d;color:#fff}.elementor-widget-text-editor.elementor-drop-cap-view-framed .elementor-drop-cap{color:#69727d;border:3px solid;background-color:transparent}.elementor-widget-text-editor:not(.elementor-drop-cap-view-default) .elementor-drop-cap{margin-top:8px}.elementor-widget-text-editor:not(.elementor-drop-cap-view-default) .elementor-drop-cap-letter{width:1em;height:1em}.elementor-widget-text-editor .elementor-drop-cap{float:left;text-align:center;line-height:1;font-size:50px}.elementor-widget-text-editor .elementor-drop-cap-letter{display:inline-block}<\/style>\t\t\t\t<p><strong>R\u00e1di bychom v\u00e1m p\u0159ibl\u00ed\u017eili na\u0161i spole\u010dnost, kter\u00e1 se v oboru zem\u011bd\u011blsk\u00e9ho podnik\u00e1n\u00ed specializuje na p\u00e9\u010di o horsk\u00e9 louky a pastviny v srdci Krkono\u0161sk\u00e9ho n\u00e1rodn\u00edho parku. Jsme hrd\u00ed na na\u0161i dlouholetou tradici a v\u00e1\u0161e\u0148 pro zachov\u00e1n\u00ed kr\u00e1sy a bohatstv\u00ed t\u00e9to unik\u00e1tn\u00ed horsk\u00e9 oblasti.<\/strong><\/p><p>Objednejte si profesion\u00e1ln\u00ed mul\u010dov\u00e1n\u00ed v Krkono\u0161\u00edch a dop\u0159ejte sv\u00fdm louk\u00e1m optim\u00e1ln\u00ed p\u00e9\u010di. Na\u0161e slu\u017eby mul\u010dov\u00e1n\u00ed v\u00e1m pomohou udr\u017eet p\u016fdu vlhkou, potla\u010dit r\u016fst plevel\u016f a zlep\u0161it estetiku va\u0161\u00ed zahrady. S na\u0161\u00edm t\u00fdmem zku\u0161en\u00fdch odborn\u00edk\u016f v Krkono\u0161\u00edch dos\u00e1hnete kr\u00e1sn\u00e9 a udr\u017eovan\u00e9 zahrady, kter\u00e1 bude okouzluj\u00edc\u00edm dopl\u0148kem va\u0161eho domova. Kontaktujte n\u00e1s pro nejlep\u0161\u00ed mul\u010dovac\u00ed slu\u017eby v Krkono\u0161\u00edch!<\/p>\t\t\t\t\t\t<\/div>\n\t\t\t\t<\/div>\n\t\t\t\t<\/div>\n\t\t<div class=\"elementor-element elementor-element-29c0dbf4 e-flex e-con-boxed e-con e-child\" data-id=\"29c0dbf4\" data-element_type=\"container\" data-settings=\"{&quot;content_width&quot;:&quot;boxed&quot;}\">\n\t\t\t\t\t<div class=\"e-con-inner\">\n\t\t\t\t<div class=\"elementor-element elementor-element-323998e elementor-widget elementor-widget-image\" data-id=\"323998e\" data-element_type=\"widget\" data-widget_type=\"image.default\">\n\t\t\t\t<div class=\"elementor-widget-container\">\n\t\t\t<style>\/*! elementor - v3.19.0 - 29-01-2024 *\/\n.elementor-widget-image{text-align:center}.elementor-widget-image a{display:inline-block}.elementor-widget-image a img[src$=\".svg\"]{width:48px}.elementor-widget-image img{vertical-align:middle;display:inline-block}<\/style>\t\t\t\t\t\t\t\t\t\t<img fetchpriority=\"high\" decoding=\"async\" width=\"800\" height=\"532\" src=\"https:\/\/horskelouky.cz\/wp-content\/uploads\/2024\/01\/summer-mountain-meadow-2-1024x681.jpg\" class=\"attachment-large size-large wp-image-15961\" alt=\"Summer mountain meadow\" srcset=\"https:\/\/horskelouky.cz\/wp-content\/uploads\/2024\/01\/summer-mountain-meadow-2-1024x681.jpg 1024w, https:\/\/horskelouky.cz\/wp-content\/uploads\/2024\/01\/summer-mountain-meadow-2-300x200.jpg 300w, https:\/\/horskelouky.cz\/wp-content\/uploads\/2024\/01\/summer-mountain-meadow-2-768x511.jpg 768w, https:\/\/horskelouky.cz\/wp-content\/uploads\/2024\/01\/summer-mountain-meadow-2-1536x1022.jpg 1536w, https:\/\/horskelouky.cz\/wp-content\/uploads\/2024\/01\/summer-mountain-meadow-2.jpg 2000w\" sizes=\"(max-width: 800px) 100vw, 800px\" \/>\t\t\t\t\t\t\t\t\t\t\t\t\t<\/div>\n\t\t\t\t<\/div>\n\t\t\t\t\t<\/div>\n\t\t\t\t<\/div>\n\t\t\t\t\t<\/div>\n\t\t\t\t<\/div>\n\t\t\t\t<\/div>\n\t\t<div class=\"elementor-element elementor-element-550d515d e-flex e-con-boxed e-con e-parent\" data-id=\"550d515d\" data-element_type=\"container\" data-settings=\"{&quot;content_width&quot;:&quot;boxed&quot;}\" data-core-v316-plus=\"true\">\n\t\t\t\t\t<div class=\"e-con-inner\">\n\t\t<div class=\"elementor-element elementor-element-38aedfe2 e-flex e-con-boxed e-con e-child\" data-id=\"38aedfe2\" data-element_type=\"container\" data-settings=\"{&quot;content_width&quot;:&quot;boxed&quot;}\">\n\t\t\t\t\t<div class=\"e-con-inner\">\n\t\t<div class=\"elementor-element elementor-element-4344be55 animated-slow e-flex e-con-boxed elementor-invisible e-con e-child\" data-id=\"4344be55\" data-element_type=\"container\" data-settings=\"{&quot;animation&quot;:&quot;fadeIn&quot;,&quot;animation_delay&quot;:500,&quot;content_width&quot;:&quot;boxed&quot;}\">\n\t\t\t\t\t<div class=\"e-con-inner\">\n\t\t\t\t<div class=\"elementor-element elementor-element-472ecbd elementor-widget elementor-widget-image\" data-id=\"472ecbd\" data-element_type=\"widget\" data-widget_type=\"image.default\">\n\t\t\t\t<div class=\"elementor-widget-container\">\n\t\t\t\t\t\t\t\t\t\t\t\t\t<img decoding=\"async\" width=\"800\" height=\"587\" src=\"https:\/\/horskelouky.cz\/wp-content\/uploads\/2024\/01\/trak-1-1024x751.png\" class=\"attachment-large size-large wp-image-15930\" alt=\"Mul\u010dov\u00e1n\u00ed Krkono\u0161e\" srcset=\"https:\/\/horskelouky.cz\/wp-content\/uploads\/2024\/01\/trak-1-1024x751.png 1024w, https:\/\/horskelouky.cz\/wp-content\/uploads\/2024\/01\/trak-1-300x220.png 300w, https:\/\/horskelouky.cz\/wp-content\/uploads\/2024\/01\/trak-1-768x563.png 768w, https:\/\/horskelouky.cz\/wp-content\/uploads\/2024\/01\/trak-1-1536x1126.png 1536w, https:\/\/horskelouky.cz\/wp-content\/uploads\/2024\/01\/trak-1.png 1920w\" sizes=\"(max-width: 800px) 100vw, 800px\" \/>\t\t\t\t\t\t\t\t\t\t\t\t\t<\/div>\n\t\t\t\t<\/div>\n\t\t\t\t\t<\/div>\n\t\t\t\t<\/div>\n\t\t<div class=\"elementor-element elementor-element-17c648e2 e-flex e-con-boxed e-con e-child\" data-id=\"17c648e2\" data-element_type=\"container\" data-settings=\"{&quot;content_width&quot;:&quot;boxed&quot;}\">\n\t\t\t\t\t<div class=\"e-con-inner\">\n\t\t\t\t<div class=\"elementor-element elementor-element-69ee9b79 animated-slow elementor-invisible elementor-widget elementor-widget-heading\" data-id=\"69ee9b79\" data-element_type=\"widget\" data-settings=\"{&quot;_animation&quot;:&quot;fadeIn&quot;,&quot;_animation_delay&quot;:700}\" data-widget_type=\"heading.default\">\n\t\t\t\t<div class=\"elementor-widget-container\">\n\t\t\t<h3 class=\"elementor-heading-title elementor-size-default\">Profesion\u00e1ln\u00ed <br>modern\u00ed technika<\/h3>\t\t<\/div>\n\t\t\t\t<\/div>\n\t\t\t\t<div class=\"elementor-element elementor-element-daf80c3 animated-slow elementor-invisible elementor-widget elementor-widget-text-editor\" data-id=\"daf80c3\" data-element_type=\"widget\" data-settings=\"{&quot;_animation&quot;:&quot;fadeIn&quot;,&quot;_animation_delay&quot;:900}\" data-widget_type=\"text-editor.default\">\n\t\t\t\t<div class=\"elementor-widget-container\">\n\t\t\t\t\t\t\t<p>Na\u0161e spole\u010dnost se neust\u00e1le sna\u017e\u00ed p\u0159in\u00e1\u0161et inovativn\u00ed p\u0159\u00edstupy a modern\u00ed technologie do na\u0161\u00ed pr\u00e1ce v Krkono\u0161sk\u00e9m n\u00e1rodn\u00edm parku. Proto s hrdost\u00ed <strong>vyu\u017e\u00edv\u00e1me profesion\u00e1ln\u00ed techniku od renomovan\u00e9ho v\u00fdrobce Antonio Carraro.<\/strong> Tato modern\u00ed technologie n\u00e1m umo\u017e\u0148uje prov\u00e1d\u011bt na\u0161e zem\u011bd\u011blsk\u00e9 \u010dinnosti s ohledem na maxim\u00e1ln\u00ed efektivitu a sou\u010dasn\u011b minimalizovat negativn\u00ed dopady na citliv\u00e9 horsk\u00e9 prost\u0159ed\u00ed. D\u00edky spolehlivosti a v\u00fdkonnosti techniky od Antonio Carraro jsme schopni plnit na\u0161e \u00fakoly s preciznost\u00ed a respektem k okoln\u00ed p\u0159\u00edrod\u011b, co\u017e je pro n\u00e1s v na\u0161\u00ed pr\u00e1ci v Krkono\u0161sk\u00e9m n\u00e1rodn\u00edm parku kl\u00ed\u010dov\u00e9.<\/p>\t\t\t\t\t\t<\/div>\n\t\t\t\t<\/div>\n\t\t\t\t<div class=\"elementor-element elementor-element-4834f0ad elementor-hidden-tablet animated-slow elementor-invisible elementor-widget elementor-widget-button\" data-id=\"4834f0ad\" data-element_type=\"widget\" data-settings=\"{&quot;_animation&quot;:&quot;fadeIn&quot;,&quot;_animation_delay&quot;:1500}\" data-widget_type=\"button.default\">\n\t\t\t\t<div class=\"elementor-widget-container\">\n\t\t\t\t\t<div class=\"elementor-button-wrapper\">\n\t\t\t<a class=\"elementor-button elementor-button-link elementor-size-sm elementor-animation-grow\" href=\"https:\/\/horskelouky.cz\/index.php\/technika\/\">\n\t\t\t\t\t\t<span class=\"elementor-button-content-wrapper\">\n\t\t\t\t\t\t<span class=\"elementor-button-icon elementor-align-icon-left\">\n\t\t\t\t<svg aria-hidden=\"true\" class=\"e-font-icon-svg e-fas-arrow-circle-right\" viewBox=\"0 0 512 512\" xmlns=\"http:\/\/www.w3.org\/2000\/svg\"><path d=\"M256 8c137 0 248 111 248 248S393 504 256 504 8 393 8 256 119 8 256 8zm-28.9 143.6l75.5 72.4H120c-13.3 0-24 10.7-24 24v16c0 13.3 10.7 24 24 24h182.6l-75.5 72.4c-9.7 9.3-9.9 24.8-.4 34.3l11 10.9c9.4 9.4 24.6 9.4 33.9 0L404.3 273c9.4-9.4 9.4-24.6 0-33.9L271.6 106.3c-9.4-9.4-24.6-9.4-33.9 0l-11 10.9c-9.5 9.6-9.3 25.1.4 34.4z\"><\/path><\/svg>\t\t\t<\/span>\n\t\t\t\t\t\t<span class=\"elementor-button-text\">Na\u0161e technika<\/span>\n\t\t<\/span>\n\t\t\t\t\t<\/a>\n\t\t<\/div>\n\t\t\t\t<\/div>\n\t\t\t\t<\/div>\n\t\t\t\t\t<\/div>\n\t\t\t\t<\/div>\n\t\t\t\t\t<\/div>\n\t\t\t\t<\/div>\n\t\t\t\t\t<\/div>\n\t\t\t\t<\/div>\n\t\t\t\t<\/div>\n\t\t","protected":false},"excerpt":{"rendered":"<p>p\u00e9\u010de o horsk\u00e9 louky a pastviny Cen\u00edk slu\u017eeb p\u00e9\u010de o horsk\u00e9 louky a pastviny Cen\u00edk slu\u017eeb Mul\u010dov\u00e1n\u00ed Krkono\u0161e R\u00e1di bychom v\u00e1m p\u0159ibl\u00ed\u017eili na\u0161i spole\u010dnost, kter\u00e1 se v oboru zem\u011bd\u011blsk\u00e9ho podnik\u00e1n\u00ed specializuje na p\u00e9\u010di o horsk\u00e9 louky a pastviny v srdci Krkono\u0161sk\u00e9ho n\u00e1rodn\u00edho parku. Jsme hrd\u00ed na na\u0161i dlouholetou tradici a v\u00e1\u0161e\u0148 pro zachov\u00e1n\u00ed kr\u00e1sy a [&hellip;]<\/p>\n","protected":false},"author":1,"featured_media":0,"parent":0,"menu_order":0,"comment_status":"closed","ping_status":"closed","template":"","meta":{"footnotes":""},"yoast_head":"<!-- This site is optimized with the Yoast SEO plugin v21.9.1 - https:\/\/yoast.com\/wordpress\/plugins\/seo\/ -->\n<title>Mul\u010dov\u00e1n\u00ed Krkono\u0161e - Horsk\u00e9 louky.cz<\/title>\n<meta name=\"description\" content=\"Mul\u010dov\u00e1n\u00ed Krkono\u0161e. Spole\u010dnost, kter\u00e1 se specializuje na p\u00e9\u010di o horsk\u00e9 louky a pastviny v srdci Krkono\u0161sk\u00e9ho n\u00e1rodn\u00edho parku.\" \/>\n<meta name=\"robots\" content=\"index, follow, max-snippet:-1, max-image-preview:large, max-video-preview:-1\" \/>\n<link rel=\"canonical\" href=\"https:\/\/horskelouky.cz\/\" \/>\n<meta property=\"og:locale\" content=\"cs_CZ\" \/>\n<meta property=\"og:type\" content=\"article\" \/>\n<meta property=\"og:title\" content=\"Mul\u010dov\u00e1n\u00ed Krkono\u0161e - Horsk\u00e9 louky.cz\" \/>\n<meta property=\"og:description\" content=\"Mul\u010dov\u00e1n\u00ed Krkono\u0161e. Spole\u010dnost, kter\u00e1 se specializuje na p\u00e9\u010di o horsk\u00e9 louky a pastviny v srdci Krkono\u0161sk\u00e9ho n\u00e1rodn\u00edho parku.\" \/>\n<meta property=\"og:url\" content=\"https:\/\/horskelouky.cz\/\" \/>\n<meta property=\"og:site_name\" content=\"Horsk\u00e9 louky\" \/>\n<meta property=\"article:modified_time\" content=\"2024-01-24T12:14:39+00:00\" \/>\n<meta property=\"og:image\" content=\"https:\/\/horskelouky.cz\/wp-content\/uploads\/2024\/01\/summer-mountain-meadow-2-1024x681.jpg\" \/>\n<meta name=\"twitter:card\" content=\"summary_large_image\" \/>\n<meta name=\"twitter:label1\" content=\"Odhadovan\u00e1 doba \u010dten\u00ed\" \/>\n\t<meta name=\"twitter:data1\" content=\"2 minuty\" \/>\n<script type=\"application\/ld+json\" class=\"yoast-schema-graph\">{\"@context\":\"https:\/\/schema.org\",\"@graph\":[{\"@type\":\"WebPage\",\"@id\":\"https:\/\/horskelouky.cz\/\",\"url\":\"https:\/\/horskelouky.cz\/\",\"name\":\"Mul\u010dov\u00e1n\u00ed Krkono\u0161e - Horsk\u00e9 louky.cz\",\"isPartOf\":{\"@id\":\"https:\/\/horskelouky.cz\/#website\"},\"datePublished\":\"2023-12-06T13:16:43+00:00\",\"dateModified\":\"2024-01-24T12:14:39+00:00\",\"description\":\"Mul\u010dov\u00e1n\u00ed Krkono\u0161e. Spole\u010dnost, kter\u00e1 se specializuje na p\u00e9\u010di o horsk\u00e9 louky a pastviny v srdci Krkono\u0161sk\u00e9ho n\u00e1rodn\u00edho parku.\",\"breadcrumb\":{\"@id\":\"https:\/\/horskelouky.cz\/#breadcrumb\"},\"inLanguage\":\"cs\",\"potentialAction\":[{\"@type\":\"ReadAction\",\"target\":[\"https:\/\/horskelouky.cz\/\"]}]},{\"@type\":\"BreadcrumbList\",\"@id\":\"https:\/\/horskelouky.cz\/#breadcrumb\",\"itemListElement\":[{\"@type\":\"ListItem\",\"position\":1,\"name\":\"Dom\u016f\",\"item\":\"https:\/\/horskelouky.cz\/\"},{\"@type\":\"ListItem\",\"position\":2,\"name\":\"Home\"}]},{\"@type\":\"WebSite\",\"@id\":\"https:\/\/horskelouky.cz\/#website\",\"url\":\"https:\/\/horskelouky.cz\/\",\"name\":\"Horsk\u00e9 louky\",\"description\":\"\",\"publisher\":{\"@id\":\"https:\/\/horskelouky.cz\/#organization\"},\"potentialAction\":[{\"@type\":\"SearchAction\",\"target\":{\"@type\":\"EntryPoint\",\"urlTemplate\":\"https:\/\/horskelouky.cz\/?s={search_term_string}\"},\"query-input\":\"required name=search_term_string\"}],\"inLanguage\":\"cs\"},{\"@type\":\"Organization\",\"@id\":\"https:\/\/horskelouky.cz\/#organization\",\"name\":\"Tom\u00e1\u0161 Kresta\",\"url\":\"https:\/\/horskelouky.cz\/\",\"logo\":{\"@type\":\"ImageObject\",\"inLanguage\":\"cs\",\"@id\":\"https:\/\/horskelouky.cz\/#\/schema\/logo\/image\/\",\"url\":\"https:\/\/horskelouky.cz\/wp-content\/uploads\/2023\/12\/logo-1.png\",\"contentUrl\":\"https:\/\/horskelouky.cz\/wp-content\/uploads\/2023\/12\/logo-1.png\",\"width\":500,\"height\":156,\"caption\":\"Tom\u00e1\u0161 Kresta\"},\"image\":{\"@id\":\"https:\/\/horskelouky.cz\/#\/schema\/logo\/image\/\"}}]}<\/script>\n<!-- \/ Yoast SEO plugin. -->","yoast_head_json":{"title":"Mul\u010dov\u00e1n\u00ed Krkono\u0161e - Horsk\u00e9 louky.cz","description":"Mul\u010dov\u00e1n\u00ed Krkono\u0161e. Spole\u010dnost, kter\u00e1 se specializuje na p\u00e9\u010di o horsk\u00e9 louky a pastviny v srdci Krkono\u0161sk\u00e9ho n\u00e1rodn\u00edho parku.","robots":{"index":"index","follow":"follow","max-snippet":"max-snippet:-1","max-image-preview":"max-image-preview:large","max-video-preview":"max-video-preview:-1"},"canonical":"https:\/\/horskelouky.cz\/","og_locale":"cs_CZ","og_type":"article","og_title":"Mul\u010dov\u00e1n\u00ed Krkono\u0161e - Horsk\u00e9 louky.cz","og_description":"Mul\u010dov\u00e1n\u00ed Krkono\u0161e. Spole\u010dnost, kter\u00e1 se specializuje na p\u00e9\u010di o horsk\u00e9 louky a pastviny v srdci Krkono\u0161sk\u00e9ho n\u00e1rodn\u00edho parku.","og_url":"https:\/\/horskelouky.cz\/","og_site_name":"Horsk\u00e9 louky","article_modified_time":"2024-01-24T12:14:39+00:00","og_image":[{"url":"https:\/\/horskelouky.cz\/wp-content\/uploads\/2024\/01\/summer-mountain-meadow-2-1024x681.jpg"}],"twitter_card":"summary_large_image","twitter_misc":{"Odhadovan\u00e1 doba \u010dten\u00ed":"2 minuty"},"schema":{"@context":"https:\/\/schema.org","@graph":[{"@type":"WebPage","@id":"https:\/\/horskelouky.cz\/","url":"https:\/\/horskelouky.cz\/","name":"Mul\u010dov\u00e1n\u00ed Krkono\u0161e - Horsk\u00e9 louky.cz","isPartOf":{"@id":"https:\/\/horskelouky.cz\/#website"},"datePublished":"2023-12-06T13:16:43+00:00","dateModified":"2024-01-24T12:14:39+00:00","description":"Mul\u010dov\u00e1n\u00ed Krkono\u0161e. Spole\u010dnost, kter\u00e1 se specializuje na p\u00e9\u010di o horsk\u00e9 louky a pastviny v srdci Krkono\u0161sk\u00e9ho n\u00e1rodn\u00edho parku.","breadcrumb":{"@id":"https:\/\/horskelouky.cz\/#breadcrumb"},"inLanguage":"cs","potentialAction":[{"@type":"ReadAction","target":["https:\/\/horskelouky.cz\/"]}]},{"@type":"BreadcrumbList","@id":"https:\/\/horskelouky.cz\/#breadcrumb","itemListElement":[{"@type":"ListItem","position":1,"name":"Dom\u016f","item":"https:\/\/horskelouky.cz\/"},{"@type":"ListItem","position":2,"name":"Home"}]},{"@type":"WebSite","@id":"https:\/\/horskelouky.cz\/#website","url":"https:\/\/horskelouky.cz\/","name":"Horsk\u00e9 louky","description":"","publisher":{"@id":"https:\/\/horskelouky.cz\/#organization"},"potentialAction":[{"@type":"SearchAction","target":{"@type":"EntryPoint","urlTemplate":"https:\/\/horskelouky.cz\/?s={search_term_string}"},"query-input":"required name=search_term_string"}],"inLanguage":"cs"},{"@type":"Organization","@id":"https:\/\/horskelouky.cz\/#organization","name":"Tom\u00e1\u0161 Kresta","url":"https:\/\/horskelouky.cz\/","logo":{"@type":"ImageObject","inLanguage":"cs","@id":"https:\/\/horskelouky.cz\/#\/schema\/logo\/image\/","url":"https:\/\/horskelouky.cz\/wp-content\/uploads\/2023\/12\/logo-1.png","contentUrl":"https:\/\/horskelouky.cz\/wp-content\/uploads\/2023\/12\/logo-1.png","width":500,"height":156,"caption":"Tom\u00e1\u0161 Kresta"},"image":{"@id":"https:\/\/horskelouky.cz\/#\/schema\/logo\/image\/"}}]}},"_links":{"self":[{"href":"https:\/\/horskelouky.cz\/index.php\/wp-json\/wp\/v2\/pages\/14015"}],"collection":[{"href":"https:\/\/horskelouky.cz\/index.php\/wp-json\/wp\/v2\/pages"}],"about":[{"href":"https:\/\/horskelouky.cz\/index.php\/wp-json\/wp\/v2\/types\/page"}],"author":[{"embeddable":true,"href":"https:\/\/horskelouky.cz\/index.php\/wp-json\/wp\/v2\/users\/1"}],"replies":[{"embeddable":true,"href":"https:\/\/horskelouky.cz\/index.php\/wp-json\/wp\/v2\/comments?post=14015"}],"version-history":[{"count":58,"href":"https:\/\/horskelouky.cz\/index.php\/wp-json\/wp\/v2\/pages\/14015\/revisions"}],"predecessor-version":[{"id":16629,"href":"https:\/\/horskelouky.cz\/index.php\/wp-json\/wp\/v2\/pages\/14015\/revisions\/16629"}],"wp:attachment":[{"href":"https:\/\/horskelouky.cz\/index.php\/wp-json\/wp\/v2\/media?parent=14015"}],"curies":[{"name":"wp","href":"https:\/\/api.w.org\/{rel}","templated":true}]}}